{"id":1072,"date":"2023-05-07T23:50:41","date_gmt":"2023-05-07T23:50:41","guid":{"rendered":"https:\/\/automind.com.br\/?page_id=1072"},"modified":"2025-10-23T12:06:49","modified_gmt":"2025-10-23T12:06:49","slug":"codigo-de-etica-automind","status":"publish","type":"page","link":"https:\/\/www.automind.com.br\/en\/empresa\/codigo-de-etica-automind\/","title":{"rendered":"Automind&#039;s Code of Ethics and Conduct"},"content":{"rendered":"<p>Automind&#039;s Code of Ethics and Conduct is a set of actions aimed at all its management members, partners, collaborators, interns, business partners, suppliers and other external stakeholders, in order to serve as a reference in the performance personal and professional. It is through compliance with this code and working together with its employees that Automind remains in the market as a productive, profitable, ethical and honest company.<\/p>\n\n\n\n<div class=\"wp-block-buttons is-layout-flex wp-block-buttons-is-layout-flex\">\n<div class=\"wp-block-button\"><a class=\"wp-block-button__link wp-element-button\" href=\"https:\/\/automind.com.br\/wp-content\/uploads\/automind-codigo-etica-e-conduta_00-1.pdf\" target=\"_blank\" rel=\"noreferrer noopener\">Download the complete Code of Ethics and Conduct<\/a><\/div>\n<\/div>\n\n\n\n<h3 class=\"wp-block-heading\"><strong>Communication channel<\/strong><\/h3>\n\n\n\n<p>Send your message or report to our Reporting Channel.<\/p>","protected":false},"excerpt":{"rendered":"<p>O C\u00f3digo de \u00c9tica e Conduta da Automind \u00e9 um conjunto de a\u00e7\u00f5es que s\u00e3o dirigidas a todos os seus membros da administra\u00e7\u00e3o, s\u00f3cios, colaboradores, [&hellip;]<\/p>\n","protected":false},"author":1,"featured_media":0,"parent":1067,"menu_order":1,"comment_status":"closed","ping_status":"closed","template":"","meta":{"_acf_changed":false,"inline_featured_image":false,"footnotes":""},"class_list":["post-1072","page","type-page","status-publish","hentry"],"acf":[],"yoast_head":"<!-- This site is optimized with the Yoast SEO plugin v27.5 - https:\/\/yoast.com\/product\/yoast-seo-wordpress\/ -->\n<title>C\u00f3digo de \u00c9tica e Conduta da Automind - Automind<\/title>\n<meta name=\"robots\" content=\"index, follow, max-snippet:-1, max-image-preview:large, max-video-preview:-1\" \/>\n<link rel=\"canonical\" href=\"https:\/\/www.automind.com.br\/en\/empresa\/codigo-de-etica-automind\/\" \/>\n<meta property=\"og:locale\" content=\"en_US\" \/>\n<meta property=\"og:type\" content=\"article\" \/>\n<meta property=\"og:title\" content=\"C\u00f3digo de \u00c9tica e Conduta da Automind - Automind\" \/>\n<meta property=\"og:description\" content=\"O C\u00f3digo de \u00c9tica e Conduta da Automind \u00e9 um conjunto de a\u00e7\u00f5es que s\u00e3o dirigidas a todos os seus membros da administra\u00e7\u00e3o, s\u00f3cios, colaboradores, [&hellip;]\" \/>\n<meta property=\"og:url\" content=\"https:\/\/www.automind.com.br\/en\/empresa\/codigo-de-etica-automind\/\" \/>\n<meta property=\"og:site_name\" content=\"Automind\" \/>\n<meta property=\"article:publisher\" content=\"https:\/\/www.facebook.com\/AutomindAutomacaoIndustrial\/\" \/>\n<meta property=\"article:modified_time\" content=\"2025-10-23T12:06:49+00:00\" \/>\n<meta name=\"twitter:card\" content=\"summary_large_image\" \/>\n<meta name=\"twitter:site\" content=\"@Automind_AI\" \/>\n<meta name=\"twitter:label1\" content=\"Est. reading time\" \/>\n\t<meta name=\"twitter:data1\" content=\"1 minute\" \/>\n<script type=\"application\/ld+json\" class=\"yoast-schema-graph\">{\"@context\":\"https:\\\/\\\/schema.org\",\"@graph\":[{\"@type\":\"WebPage\",\"@id\":\"https:\\\/\\\/www.automind.com.br\\\/empresa\\\/codigo-de-etica-automind\\\/\",\"url\":\"https:\\\/\\\/www.automind.com.br\\\/empresa\\\/codigo-de-etica-automind\\\/\",\"name\":\"C\u00f3digo de \u00c9tica e Conduta da Automind - Automind\",\"isPartOf\":{\"@id\":\"https:\\\/\\\/www.automind.com.br\\\/#website\"},\"datePublished\":\"2023-05-07T23:50:41+00:00\",\"dateModified\":\"2025-10-23T12:06:49+00:00\",\"breadcrumb\":{\"@id\":\"https:\\\/\\\/www.automind.com.br\\\/empresa\\\/codigo-de-etica-automind\\\/#breadcrumb\"},\"inLanguage\":\"en-US\",\"potentialAction\":[{\"@type\":\"ReadAction\",\"target\":[\"https:\\\/\\\/www.automind.com.br\\\/empresa\\\/codigo-de-etica-automind\\\/\"]}]},{\"@type\":\"BreadcrumbList\",\"@id\":\"https:\\\/\\\/www.automind.com.br\\\/empresa\\\/codigo-de-etica-automind\\\/#breadcrumb\",\"itemListElement\":[{\"@type\":\"ListItem\",\"position\":1,\"name\":\"In\u00edcio\",\"item\":\"https:\\\/\\\/www.automind.com.br\\\/\"},{\"@type\":\"ListItem\",\"position\":2,\"name\":\"AutoMind\u00ae\",\"item\":\"https:\\\/\\\/www.automind.com.br\\\/empresa\\\/\"},{\"@type\":\"ListItem\",\"position\":3,\"name\":\"C\u00f3digo de \u00c9tica e Conduta da Automind\"}]},{\"@type\":\"WebSite\",\"@id\":\"https:\\\/\\\/www.automind.com.br\\\/#website\",\"url\":\"https:\\\/\\\/www.automind.com.br\\\/\",\"name\":\"Automind\",\"description\":\"\",\"publisher\":{\"@id\":\"https:\\\/\\\/www.automind.com.br\\\/#organization\"},\"potentialAction\":[{\"@type\":\"SearchAction\",\"target\":{\"@type\":\"EntryPoint\",\"urlTemplate\":\"https:\\\/\\\/www.automind.com.br\\\/?s={search_term_string}\"},\"query-input\":{\"@type\":\"PropertyValueSpecification\",\"valueRequired\":true,\"valueName\":\"search_term_string\"}}],\"inLanguage\":\"en-US\"},{\"@type\":\"Organization\",\"@id\":\"https:\\\/\\\/www.automind.com.br\\\/#organization\",\"name\":\"Automind\",\"url\":\"https:\\\/\\\/www.automind.com.br\\\/\",\"logo\":{\"@type\":\"ImageObject\",\"inLanguage\":\"en-US\",\"@id\":\"https:\\\/\\\/www.automind.com.br\\\/#\\\/schema\\\/logo\\\/image\\\/\",\"url\":\"https:\\\/\\\/www.automind.com.br\\\/wp-content\\\/uploads\\\/automind-logo-symbol-outline.png\",\"contentUrl\":\"https:\\\/\\\/www.automind.com.br\\\/wp-content\\\/uploads\\\/automind-logo-symbol-outline.png\",\"width\":735,\"height\":557,\"caption\":\"Automind\"},\"image\":{\"@id\":\"https:\\\/\\\/www.automind.com.br\\\/#\\\/schema\\\/logo\\\/image\\\/\"},\"sameAs\":[\"https:\\\/\\\/www.facebook.com\\\/AutomindAutomacaoIndustrial\\\/\",\"https:\\\/\\\/x.com\\\/Automind_AI\",\"https:\\\/\\\/www.linkedin.com\\\/company\\\/automind\\\/\",\"https:\\\/\\\/www.youtube.com\\\/user\\\/Automind1987\"]}]}<\/script>\n<!-- \/ Yoast SEO plugin. -->","yoast_head_json":{"title":"Automind Code of Ethics and Conduct - Automind","robots":{"index":"index","follow":"follow","max-snippet":"max-snippet:-1","max-image-preview":"max-image-preview:large","max-video-preview":"max-video-preview:-1"},"canonical":"https:\/\/www.automind.com.br\/en\/empresa\/codigo-de-etica-automind\/","og_locale":"en_US","og_type":"article","og_title":"C\u00f3digo de \u00c9tica e Conduta da Automind - Automind","og_description":"O C\u00f3digo de \u00c9tica e Conduta da Automind \u00e9 um conjunto de a\u00e7\u00f5es que s\u00e3o dirigidas a todos os seus membros da administra\u00e7\u00e3o, s\u00f3cios, colaboradores, [&hellip;]","og_url":"https:\/\/www.automind.com.br\/en\/empresa\/codigo-de-etica-automind\/","og_site_name":"Automind","article_publisher":"https:\/\/www.facebook.com\/AutomindAutomacaoIndustrial\/","article_modified_time":"2025-10-23T12:06:49+00:00","twitter_card":"summary_large_image","twitter_site":"@Automind_AI","twitter_misc":{"Est. reading time":"1 minute"},"schema":{"@context":"https:\/\/schema.org","@graph":[{"@type":"WebPage","@id":"https:\/\/www.automind.com.br\/empresa\/codigo-de-etica-automind\/","url":"https:\/\/www.automind.com.br\/empresa\/codigo-de-etica-automind\/","name":"Automind Code of Ethics and Conduct - Automind","isPartOf":{"@id":"https:\/\/www.automind.com.br\/#website"},"datePublished":"2023-05-07T23:50:41+00:00","dateModified":"2025-10-23T12:06:49+00:00","breadcrumb":{"@id":"https:\/\/www.automind.com.br\/empresa\/codigo-de-etica-automind\/#breadcrumb"},"inLanguage":"en-US","potentialAction":[{"@type":"ReadAction","target":["https:\/\/www.automind.com.br\/empresa\/codigo-de-etica-automind\/"]}]},{"@type":"BreadcrumbList","@id":"https:\/\/www.automind.com.br\/empresa\/codigo-de-etica-automind\/#breadcrumb","itemListElement":[{"@type":"ListItem","position":1,"name":"In\u00edcio","item":"https:\/\/www.automind.com.br\/"},{"@type":"ListItem","position":2,"name":"AutoMind\u00ae","item":"https:\/\/www.automind.com.br\/empresa\/"},{"@type":"ListItem","position":3,"name":"C\u00f3digo de \u00c9tica e Conduta da Automind"}]},{"@type":"WebSite","@id":"https:\/\/www.automind.com.br\/#website","url":"https:\/\/www.automind.com.br\/","name":"automind","description":"","publisher":{"@id":"https:\/\/www.automind.com.br\/#organization"},"potentialAction":[{"@type":"SearchAction","target":{"@type":"EntryPoint","urlTemplate":"https:\/\/www.automind.com.br\/?s={search_term_string}"},"query-input":{"@type":"PropertyValueSpecification","valueRequired":true,"valueName":"search_term_string"}}],"inLanguage":"en-US"},{"@type":"Organization","@id":"https:\/\/www.automind.com.br\/#organization","name":"automind","url":"https:\/\/www.automind.com.br\/","logo":{"@type":"ImageObject","inLanguage":"en-US","@id":"https:\/\/www.automind.com.br\/#\/schema\/logo\/image\/","url":"https:\/\/www.automind.com.br\/wp-content\/uploads\/automind-logo-symbol-outline.png","contentUrl":"https:\/\/www.automind.com.br\/wp-content\/uploads\/automind-logo-symbol-outline.png","width":735,"height":557,"caption":"Automind"},"image":{"@id":"https:\/\/www.automind.com.br\/#\/schema\/logo\/image\/"},"sameAs":["https:\/\/www.facebook.com\/AutomindAutomacaoIndustrial\/","https:\/\/x.com\/Automind_AI","https:\/\/www.linkedin.com\/company\/automind\/","https:\/\/www.youtube.com\/user\/Automind1987"]}]}},"_links":{"self":[{"href":"https:\/\/www.automind.com.br\/en\/wp-json\/wp\/v2\/pages\/1072","targetHints":{"allow":["GET"]}}],"collection":[{"href":"https:\/\/www.automind.com.br\/en\/wp-json\/wp\/v2\/pages"}],"about":[{"href":"https:\/\/www.automind.com.br\/en\/wp-json\/wp\/v2\/types\/page"}],"author":[{"embeddable":true,"href":"https:\/\/www.automind.com.br\/en\/wp-json\/wp\/v2\/users\/1"}],"replies":[{"embeddable":true,"href":"https:\/\/www.automind.com.br\/en\/wp-json\/wp\/v2\/comments?post=1072"}],"version-history":[{"count":3,"href":"https:\/\/www.automind.com.br\/en\/wp-json\/wp\/v2\/pages\/1072\/revisions"}],"predecessor-version":[{"id":1999,"href":"https:\/\/www.automind.com.br\/en\/wp-json\/wp\/v2\/pages\/1072\/revisions\/1999"}],"up":[{"embeddable":true,"href":"https:\/\/www.automind.com.br\/en\/wp-json\/wp\/v2\/pages\/1067"}],"wp:attachment":[{"href":"https:\/\/www.automind.com.br\/en\/wp-json\/wp\/v2\/media?parent=1072"}],"curies":[{"name":"wp","href":"https:\/\/api.w.org\/{rel}","templated":true}]}}