{"id":1076,"date":"2023-05-07T23:51:57","date_gmt":"2023-05-07T23:51:57","guid":{"rendered":"https:\/\/automind.com.br\/?page_id=1076"},"modified":"2025-10-14T19:13:25","modified_gmt":"2025-10-14T19:13:25","slug":"politica-sgi-automind","status":"publish","type":"page","link":"https:\/\/www.automind.com.br\/en\/empresa\/politica-sgi-automind\/","title":{"rendered":"SGI Automind Policy"},"content":{"rendered":"<p>Automind recognizes the importance of quality for its products and services and aims to maintain a total commitment to safety, health and the environment.<\/p>\n\n\n\n<figure class=\"wp-block-image size-full\"><img loading=\"lazy\" decoding=\"async\" width=\"696\" height=\"259\" src=\"https:\/\/www.automind.com.br\/wp-content\/uploads\/45001-1.png\" alt=\"\" class=\"wp-image-1957\" srcset=\"https:\/\/www.automind.com.br\/wp-content\/uploads\/45001-1.png 696w, https:\/\/www.automind.com.br\/wp-content\/uploads\/45001-1-18x7.png 18w\" sizes=\"auto, (max-width: 696px) 100vw, 696px\" \/><\/figure>\n\n\n\n<p>The company has been certified in ISO 9001:2008 since 2007 and, in August 2013, obtained certifications 14001:2004 and OSHAS 18001:2007, which determine the requirements for the implementation of Environmental Management Systems and Health and Safety respectively.<\/p>\n\n\n\n<p>With the Integrated Management System, the SGI, we demonstrate our ability to provide products and services that satisfy our customers, acting in the prevention of dangers and risks and reduction of pollution through the identification of processes, monitoring, correction and introduction of continuous improvements.<\/p>\n\n\n\n<p><strong>Through its Policy, Automind commits to:<\/strong><\/p>\n\n\n\n<ul class=\"wp-block-list\">\n<li>Provide consulting and engineering services for the Conception, Implementation and Maintenance of Integrated Automation Technologies Solutions, meeting customer requirements, legal\/normative requirements and other applicable ones;<\/li>\n\n\n\n<li>Provide safe and healthy working conditions, eliminating hazards and reducing risks for the prevention of incidents \/ injuries and problems and occupational health, promoting environmental protection related to the purpose and context of the organization, preventing accidents \/ adverse environmental impacts and pollution;<\/li>\n\n\n\n<li>Periodically evaluate the integrated management system in order to promote the continuous improvement of its processes and services;<\/li>\n\n\n\n<li>Commit to the consultation and participation of workers and their representatives in HSE-related matters;<\/li>\n\n\n\n<li>Promote the growing training of its employees in order to value the professional and maximize the services provided;<\/li>\n\n\n\n<li>Ensure profitable financial and economic results for the organization<\/li>\n<\/ul>","protected":false},"excerpt":{"rendered":"<p>A Automind reconhece a import\u00e2ncia da qualidade para seus produtos e servi\u00e7os e tem como objetivo manter total comprometimento com a seguran\u00e7a, sa\u00fade e meio [&hellip;]<\/p>\n","protected":false},"author":1,"featured_media":0,"parent":1067,"menu_order":2,"comment_status":"closed","ping_status":"closed","template":"","meta":{"_acf_changed":false,"inline_featured_image":false,"footnotes":""},"class_list":["post-1076","page","type-page","status-publish","hentry"],"acf":[],"yoast_head":"<!-- This site is optimized with the Yoast SEO plugin v27.6 - https:\/\/yoast.com\/product\/yoast-seo-wordpress\/ -->\n<title>Pol\u00edtica SGI Automind - Automind<\/title>\n<meta name=\"robots\" content=\"index, follow, max-snippet:-1, max-image-preview:large, max-video-preview:-1\" \/>\n<link rel=\"canonical\" href=\"https:\/\/www.automind.com.br\/en\/empresa\/politica-sgi-automind\/\" \/>\n<meta property=\"og:locale\" content=\"en_US\" \/>\n<meta property=\"og:type\" content=\"article\" \/>\n<meta property=\"og:title\" content=\"Pol\u00edtica SGI Automind - Automind\" \/>\n<meta property=\"og:description\" content=\"A Automind reconhece a import\u00e2ncia da qualidade para seus produtos e servi\u00e7os e tem como objetivo manter total comprometimento com a seguran\u00e7a, sa\u00fade e meio [&hellip;]\" \/>\n<meta property=\"og:url\" content=\"https:\/\/www.automind.com.br\/en\/empresa\/politica-sgi-automind\/\" \/>\n<meta property=\"og:site_name\" content=\"Automind\" \/>\n<meta property=\"article:publisher\" content=\"https:\/\/www.facebook.com\/AutomindAutomacaoIndustrial\/\" \/>\n<meta property=\"article:modified_time\" content=\"2025-10-14T19:13:25+00:00\" \/>\n<meta property=\"og:image\" content=\"https:\/\/www.automind.com.br\/wp-content\/uploads\/45001-1.png\" \/>\n\t<meta property=\"og:image:width\" content=\"696\" \/>\n\t<meta property=\"og:image:height\" content=\"259\" \/>\n\t<meta property=\"og:image:type\" content=\"image\/png\" \/>\n<meta name=\"twitter:card\" content=\"summary_large_image\" \/>\n<meta name=\"twitter:site\" content=\"@Automind_AI\" \/>\n<meta name=\"twitter:label1\" content=\"Est. reading time\" \/>\n\t<meta name=\"twitter:data1\" content=\"2 minutes\" \/>\n<script type=\"application\/ld+json\" class=\"yoast-schema-graph\">{\"@context\":\"https:\\\/\\\/schema.org\",\"@graph\":[{\"@type\":\"WebPage\",\"@id\":\"https:\\\/\\\/www.automind.com.br\\\/empresa\\\/politica-sgi-automind\\\/\",\"url\":\"https:\\\/\\\/www.automind.com.br\\\/empresa\\\/politica-sgi-automind\\\/\",\"name\":\"Pol\u00edtica SGI Automind - Automind\",\"isPartOf\":{\"@id\":\"https:\\\/\\\/www.automind.com.br\\\/#website\"},\"primaryImageOfPage\":{\"@id\":\"https:\\\/\\\/www.automind.com.br\\\/empresa\\\/politica-sgi-automind\\\/#primaryimage\"},\"image\":{\"@id\":\"https:\\\/\\\/www.automind.com.br\\\/empresa\\\/politica-sgi-automind\\\/#primaryimage\"},\"thumbnailUrl\":\"https:\\\/\\\/www.automind.com.br\\\/wp-content\\\/uploads\\\/45001-1.png\",\"datePublished\":\"2023-05-07T23:51:57+00:00\",\"dateModified\":\"2025-10-14T19:13:25+00:00\",\"breadcrumb\":{\"@id\":\"https:\\\/\\\/www.automind.com.br\\\/empresa\\\/politica-sgi-automind\\\/#breadcrumb\"},\"inLanguage\":\"en-US\",\"potentialAction\":[{\"@type\":\"ReadAction\",\"target\":[\"https:\\\/\\\/www.automind.com.br\\\/empresa\\\/politica-sgi-automind\\\/\"]}]},{\"@type\":\"ImageObject\",\"inLanguage\":\"en-US\",\"@id\":\"https:\\\/\\\/www.automind.com.br\\\/empresa\\\/politica-sgi-automind\\\/#primaryimage\",\"url\":\"https:\\\/\\\/www.automind.com.br\\\/wp-content\\\/uploads\\\/45001-1.png\",\"contentUrl\":\"https:\\\/\\\/www.automind.com.br\\\/wp-content\\\/uploads\\\/45001-1.png\"},{\"@type\":\"BreadcrumbList\",\"@id\":\"https:\\\/\\\/www.automind.com.br\\\/empresa\\\/politica-sgi-automind\\\/#breadcrumb\",\"itemListElement\":[{\"@type\":\"ListItem\",\"position\":1,\"name\":\"In\u00edcio\",\"item\":\"https:\\\/\\\/www.automind.com.br\\\/\"},{\"@type\":\"ListItem\",\"position\":2,\"name\":\"AutoMind\u00ae\",\"item\":\"https:\\\/\\\/www.automind.com.br\\\/empresa\\\/\"},{\"@type\":\"ListItem\",\"position\":3,\"name\":\"Pol\u00edtica SGI Automind\"}]},{\"@type\":\"WebSite\",\"@id\":\"https:\\\/\\\/www.automind.com.br\\\/#website\",\"url\":\"https:\\\/\\\/www.automind.com.br\\\/\",\"name\":\"Automind\",\"description\":\"\",\"publisher\":{\"@id\":\"https:\\\/\\\/www.automind.com.br\\\/#organization\"},\"potentialAction\":[{\"@type\":\"SearchAction\",\"target\":{\"@type\":\"EntryPoint\",\"urlTemplate\":\"https:\\\/\\\/www.automind.com.br\\\/?s={search_term_string}\"},\"query-input\":{\"@type\":\"PropertyValueSpecification\",\"valueRequired\":true,\"valueName\":\"search_term_string\"}}],\"inLanguage\":\"en-US\"},{\"@type\":\"Organization\",\"@id\":\"https:\\\/\\\/www.automind.com.br\\\/#organization\",\"name\":\"Automind\",\"url\":\"https:\\\/\\\/www.automind.com.br\\\/\",\"logo\":{\"@type\":\"ImageObject\",\"inLanguage\":\"en-US\",\"@id\":\"https:\\\/\\\/www.automind.com.br\\\/#\\\/schema\\\/logo\\\/image\\\/\",\"url\":\"https:\\\/\\\/www.automind.com.br\\\/wp-content\\\/uploads\\\/automind-logo-symbol-outline.png\",\"contentUrl\":\"https:\\\/\\\/www.automind.com.br\\\/wp-content\\\/uploads\\\/automind-logo-symbol-outline.png\",\"width\":735,\"height\":557,\"caption\":\"Automind\"},\"image\":{\"@id\":\"https:\\\/\\\/www.automind.com.br\\\/#\\\/schema\\\/logo\\\/image\\\/\"},\"sameAs\":[\"https:\\\/\\\/www.facebook.com\\\/AutomindAutomacaoIndustrial\\\/\",\"https:\\\/\\\/x.com\\\/Automind_AI\",\"https:\\\/\\\/www.linkedin.com\\\/company\\\/automind\\\/\",\"https:\\\/\\\/www.youtube.com\\\/user\\\/Automind1987\"]}]}<\/script>\n<!-- \/ Yoast SEO plugin. -->","yoast_head_json":{"title":"SGI Automind Policy - Automind","robots":{"index":"index","follow":"follow","max-snippet":"max-snippet:-1","max-image-preview":"max-image-preview:large","max-video-preview":"max-video-preview:-1"},"canonical":"https:\/\/www.automind.com.br\/en\/empresa\/politica-sgi-automind\/","og_locale":"en_US","og_type":"article","og_title":"Pol\u00edtica SGI Automind - Automind","og_description":"A Automind reconhece a import\u00e2ncia da qualidade para seus produtos e servi\u00e7os e tem como objetivo manter total comprometimento com a seguran\u00e7a, sa\u00fade e meio [&hellip;]","og_url":"https:\/\/www.automind.com.br\/en\/empresa\/politica-sgi-automind\/","og_site_name":"Automind","article_publisher":"https:\/\/www.facebook.com\/AutomindAutomacaoIndustrial\/","article_modified_time":"2025-10-14T19:13:25+00:00","og_image":[{"width":696,"height":259,"url":"https:\/\/www.automind.com.br\/wp-content\/uploads\/45001-1.png","type":"image\/png"}],"twitter_card":"summary_large_image","twitter_site":"@Automind_AI","twitter_misc":{"Est. reading time":"2 minutes"},"schema":{"@context":"https:\/\/schema.org","@graph":[{"@type":"WebPage","@id":"https:\/\/www.automind.com.br\/empresa\/politica-sgi-automind\/","url":"https:\/\/www.automind.com.br\/empresa\/politica-sgi-automind\/","name":"SGI Automind Policy - Automind","isPartOf":{"@id":"https:\/\/www.automind.com.br\/#website"},"primaryImageOfPage":{"@id":"https:\/\/www.automind.com.br\/empresa\/politica-sgi-automind\/#primaryimage"},"image":{"@id":"https:\/\/www.automind.com.br\/empresa\/politica-sgi-automind\/#primaryimage"},"thumbnailUrl":"https:\/\/www.automind.com.br\/wp-content\/uploads\/45001-1.png","datePublished":"2023-05-07T23:51:57+00:00","dateModified":"2025-10-14T19:13:25+00:00","breadcrumb":{"@id":"https:\/\/www.automind.com.br\/empresa\/politica-sgi-automind\/#breadcrumb"},"inLanguage":"en-US","potentialAction":[{"@type":"ReadAction","target":["https:\/\/www.automind.com.br\/empresa\/politica-sgi-automind\/"]}]},{"@type":"ImageObject","inLanguage":"en-US","@id":"https:\/\/www.automind.com.br\/empresa\/politica-sgi-automind\/#primaryimage","url":"https:\/\/www.automind.com.br\/wp-content\/uploads\/45001-1.png","contentUrl":"https:\/\/www.automind.com.br\/wp-content\/uploads\/45001-1.png"},{"@type":"BreadcrumbList","@id":"https:\/\/www.automind.com.br\/empresa\/politica-sgi-automind\/#breadcrumb","itemListElement":[{"@type":"ListItem","position":1,"name":"In\u00edcio","item":"https:\/\/www.automind.com.br\/"},{"@type":"ListItem","position":2,"name":"AutoMind\u00ae","item":"https:\/\/www.automind.com.br\/empresa\/"},{"@type":"ListItem","position":3,"name":"Pol\u00edtica SGI Automind"}]},{"@type":"WebSite","@id":"https:\/\/www.automind.com.br\/#website","url":"https:\/\/www.automind.com.br\/","name":"automind","description":"","publisher":{"@id":"https:\/\/www.automind.com.br\/#organization"},"potentialAction":[{"@type":"SearchAction","target":{"@type":"EntryPoint","urlTemplate":"https:\/\/www.automind.com.br\/?s={search_term_string}"},"query-input":{"@type":"PropertyValueSpecification","valueRequired":true,"valueName":"search_term_string"}}],"inLanguage":"en-US"},{"@type":"Organization","@id":"https:\/\/www.automind.com.br\/#organization","name":"automind","url":"https:\/\/www.automind.com.br\/","logo":{"@type":"ImageObject","inLanguage":"en-US","@id":"https:\/\/www.automind.com.br\/#\/schema\/logo\/image\/","url":"https:\/\/www.automind.com.br\/wp-content\/uploads\/automind-logo-symbol-outline.png","contentUrl":"https:\/\/www.automind.com.br\/wp-content\/uploads\/automind-logo-symbol-outline.png","width":735,"height":557,"caption":"Automind"},"image":{"@id":"https:\/\/www.automind.com.br\/#\/schema\/logo\/image\/"},"sameAs":["https:\/\/www.facebook.com\/AutomindAutomacaoIndustrial\/","https:\/\/x.com\/Automind_AI","https:\/\/www.linkedin.com\/company\/automind\/","https:\/\/www.youtube.com\/user\/Automind1987"]}]}},"_links":{"self":[{"href":"https:\/\/www.automind.com.br\/en\/wp-json\/wp\/v2\/pages\/1076","targetHints":{"allow":["GET"]}}],"collection":[{"href":"https:\/\/www.automind.com.br\/en\/wp-json\/wp\/v2\/pages"}],"about":[{"href":"https:\/\/www.automind.com.br\/en\/wp-json\/wp\/v2\/types\/page"}],"author":[{"embeddable":true,"href":"https:\/\/www.automind.com.br\/en\/wp-json\/wp\/v2\/users\/1"}],"replies":[{"embeddable":true,"href":"https:\/\/www.automind.com.br\/en\/wp-json\/wp\/v2\/comments?post=1076"}],"version-history":[{"count":4,"href":"https:\/\/www.automind.com.br\/en\/wp-json\/wp\/v2\/pages\/1076\/revisions"}],"predecessor-version":[{"id":1959,"href":"https:\/\/www.automind.com.br\/en\/wp-json\/wp\/v2\/pages\/1076\/revisions\/1959"}],"up":[{"embeddable":true,"href":"https:\/\/www.automind.com.br\/en\/wp-json\/wp\/v2\/pages\/1067"}],"wp:attachment":[{"href":"https:\/\/www.automind.com.br\/en\/wp-json\/wp\/v2\/media?parent=1076"}],"curies":[{"name":"wp","href":"https:\/\/api.w.org\/{rel}","templated":true}]}}