{"id":1096,"date":"2023-05-08T00:24:51","date_gmt":"2023-05-08T00:24:51","guid":{"rendered":"https:\/\/automind.com.br\/?page_id=1096"},"modified":"2023-05-08T00:24:51","modified_gmt":"2023-05-08T00:24:51","slug":"aviso-de-privacidade","status":"publish","type":"page","link":"https:\/\/www.automind.com.br\/en\/aviso-de-privacidade\/","title":{"rendered":"Privacy Notice"},"content":{"rendered":"<p>Automind recognizes the importance of your data privacy and aims to maintain full commitment to the protection and security of your personal information and data used with the sole purpose of providing a better experience when you use our products, services and virtual environments. We guarantee total privacy of your data, using them exclusively for communications between you and Automind.<\/p>\n\n\n\n<p>You can fully access Automind&#039;s Privacy Policy, as well as the site&#039;s Terms of Use, by clicking on the buttons at the bottom of the page.<\/p>\n\n\n\n<p>In this statement we state that:<\/p>\n\n\n\n<ul class=\"wp-block-list\">\n<li>PRIVACY: AUTOMIND does not sell or trade customer information;<\/li>\n\n\n\n<li>SECURITY: Your data is stored in a safe and controlled environment;<\/li>\n\n\n\n<li>INTEREST: We use your data only for communications of interest to you;<\/li>\n\n\n\n<li>RIGHTS: At any time, you can opt out of the communications list.<\/li>\n<\/ul>\n\n\n\n<p>You can access the full versions of the website&#039;s Privacy Policy and Terms of Use by clicking on the link below.<\/p>\n\n\n\n<p>By clicking on the button \u201c<strong>To accept<\/strong>\u201d you agree to the policies mentioned above.<\/p>\n\n\n\n<p><a href=\"\/en\/politica-de-privacidade\/\"><strong>Check out our Privacy Policy<\/strong><\/a><\/p>","protected":false},"excerpt":{"rendered":"<p>A Automind reconhece a import\u00e2ncia da privacidade dos seus dados e tem como objetivo manter total comprometimento com a prote\u00e7\u00e3o e a seguran\u00e7a das suas [&hellip;]<\/p>\n","protected":false},"author":1,"featured_media":0,"parent":0,"menu_order":20,"comment_status":"closed","ping_status":"closed","template":"","meta":{"_acf_changed":false,"inline_featured_image":false,"footnotes":""},"class_list":["post-1096","page","type-page","status-publish","hentry"],"acf":[],"yoast_head":"<!-- This site is optimized with the Yoast SEO plugin v27.5 - https:\/\/yoast.com\/product\/yoast-seo-wordpress\/ -->\n<title>Aviso de Privacidade - Automind<\/title>\n<meta name=\"robots\" content=\"index, follow, max-snippet:-1, max-image-preview:large, max-video-preview:-1\" \/>\n<link rel=\"canonical\" href=\"https:\/\/www.automind.com.br\/en\/aviso-de-privacidade\/\" \/>\n<meta property=\"og:locale\" content=\"en_US\" \/>\n<meta property=\"og:type\" content=\"article\" \/>\n<meta property=\"og:title\" content=\"Aviso de Privacidade - Automind\" \/>\n<meta property=\"og:description\" content=\"A Automind reconhece a import\u00e2ncia da privacidade dos seus dados e tem como objetivo manter total comprometimento com a prote\u00e7\u00e3o e a seguran\u00e7a das suas [&hellip;]\" \/>\n<meta property=\"og:url\" content=\"https:\/\/www.automind.com.br\/en\/aviso-de-privacidade\/\" \/>\n<meta property=\"og:site_name\" content=\"Automind\" \/>\n<meta property=\"article:publisher\" content=\"https:\/\/www.facebook.com\/AutomindAutomacaoIndustrial\/\" \/>\n<meta name=\"twitter:card\" content=\"summary_large_image\" \/>\n<meta name=\"twitter:site\" content=\"@Automind_AI\" \/>\n<meta name=\"twitter:label1\" content=\"Est. reading time\" \/>\n\t<meta name=\"twitter:data1\" content=\"1 minute\" \/>\n<script type=\"application\/ld+json\" class=\"yoast-schema-graph\">{\"@context\":\"https:\\\/\\\/schema.org\",\"@graph\":[{\"@type\":\"WebPage\",\"@id\":\"https:\\\/\\\/www.automind.com.br\\\/aviso-de-privacidade\\\/\",\"url\":\"https:\\\/\\\/www.automind.com.br\\\/aviso-de-privacidade\\\/\",\"name\":\"Aviso de Privacidade - Automind\",\"isPartOf\":{\"@id\":\"https:\\\/\\\/www.automind.com.br\\\/#website\"},\"datePublished\":\"2023-05-08T00:24:51+00:00\",\"breadcrumb\":{\"@id\":\"https:\\\/\\\/www.automind.com.br\\\/aviso-de-privacidade\\\/#breadcrumb\"},\"inLanguage\":\"en-US\",\"potentialAction\":[{\"@type\":\"ReadAction\",\"target\":[\"https:\\\/\\\/www.automind.com.br\\\/aviso-de-privacidade\\\/\"]}]},{\"@type\":\"BreadcrumbList\",\"@id\":\"https:\\\/\\\/www.automind.com.br\\\/aviso-de-privacidade\\\/#breadcrumb\",\"itemListElement\":[{\"@type\":\"ListItem\",\"position\":1,\"name\":\"In\u00edcio\",\"item\":\"https:\\\/\\\/www.automind.com.br\\\/\"},{\"@type\":\"ListItem\",\"position\":2,\"name\":\"Aviso de Privacidade\"}]},{\"@type\":\"WebSite\",\"@id\":\"https:\\\/\\\/www.automind.com.br\\\/#website\",\"url\":\"https:\\\/\\\/www.automind.com.br\\\/\",\"name\":\"Automind\",\"description\":\"\",\"publisher\":{\"@id\":\"https:\\\/\\\/www.automind.com.br\\\/#organization\"},\"potentialAction\":[{\"@type\":\"SearchAction\",\"target\":{\"@type\":\"EntryPoint\",\"urlTemplate\":\"https:\\\/\\\/www.automind.com.br\\\/?s={search_term_string}\"},\"query-input\":{\"@type\":\"PropertyValueSpecification\",\"valueRequired\":true,\"valueName\":\"search_term_string\"}}],\"inLanguage\":\"en-US\"},{\"@type\":\"Organization\",\"@id\":\"https:\\\/\\\/www.automind.com.br\\\/#organization\",\"name\":\"Automind\",\"url\":\"https:\\\/\\\/www.automind.com.br\\\/\",\"logo\":{\"@type\":\"ImageObject\",\"inLanguage\":\"en-US\",\"@id\":\"https:\\\/\\\/www.automind.com.br\\\/#\\\/schema\\\/logo\\\/image\\\/\",\"url\":\"https:\\\/\\\/www.automind.com.br\\\/wp-content\\\/uploads\\\/automind-logo-symbol-outline.png\",\"contentUrl\":\"https:\\\/\\\/www.automind.com.br\\\/wp-content\\\/uploads\\\/automind-logo-symbol-outline.png\",\"width\":735,\"height\":557,\"caption\":\"Automind\"},\"image\":{\"@id\":\"https:\\\/\\\/www.automind.com.br\\\/#\\\/schema\\\/logo\\\/image\\\/\"},\"sameAs\":[\"https:\\\/\\\/www.facebook.com\\\/AutomindAutomacaoIndustrial\\\/\",\"https:\\\/\\\/x.com\\\/Automind_AI\",\"https:\\\/\\\/www.linkedin.com\\\/company\\\/automind\\\/\",\"https:\\\/\\\/www.youtube.com\\\/user\\\/Automind1987\"]}]}<\/script>\n<!-- \/ Yoast SEO plugin. -->","yoast_head_json":{"title":"Privacy Notice - Automind","robots":{"index":"index","follow":"follow","max-snippet":"max-snippet:-1","max-image-preview":"max-image-preview:large","max-video-preview":"max-video-preview:-1"},"canonical":"https:\/\/www.automind.com.br\/en\/aviso-de-privacidade\/","og_locale":"en_US","og_type":"article","og_title":"Aviso de Privacidade - Automind","og_description":"A Automind reconhece a import\u00e2ncia da privacidade dos seus dados e tem como objetivo manter total comprometimento com a prote\u00e7\u00e3o e a seguran\u00e7a das suas [&hellip;]","og_url":"https:\/\/www.automind.com.br\/en\/aviso-de-privacidade\/","og_site_name":"Automind","article_publisher":"https:\/\/www.facebook.com\/AutomindAutomacaoIndustrial\/","twitter_card":"summary_large_image","twitter_site":"@Automind_AI","twitter_misc":{"Est. reading time":"1 minute"},"schema":{"@context":"https:\/\/schema.org","@graph":[{"@type":"WebPage","@id":"https:\/\/www.automind.com.br\/aviso-de-privacidade\/","url":"https:\/\/www.automind.com.br\/aviso-de-privacidade\/","name":"Privacy Notice - Automind","isPartOf":{"@id":"https:\/\/www.automind.com.br\/#website"},"datePublished":"2023-05-08T00:24:51+00:00","breadcrumb":{"@id":"https:\/\/www.automind.com.br\/aviso-de-privacidade\/#breadcrumb"},"inLanguage":"en-US","potentialAction":[{"@type":"ReadAction","target":["https:\/\/www.automind.com.br\/aviso-de-privacidade\/"]}]},{"@type":"BreadcrumbList","@id":"https:\/\/www.automind.com.br\/aviso-de-privacidade\/#breadcrumb","itemListElement":[{"@type":"ListItem","position":1,"name":"In\u00edcio","item":"https:\/\/www.automind.com.br\/"},{"@type":"ListItem","position":2,"name":"Aviso de Privacidade"}]},{"@type":"WebSite","@id":"https:\/\/www.automind.com.br\/#website","url":"https:\/\/www.automind.com.br\/","name":"automind","description":"","publisher":{"@id":"https:\/\/www.automind.com.br\/#organization"},"potentialAction":[{"@type":"SearchAction","target":{"@type":"EntryPoint","urlTemplate":"https:\/\/www.automind.com.br\/?s={search_term_string}"},"query-input":{"@type":"PropertyValueSpecification","valueRequired":true,"valueName":"search_term_string"}}],"inLanguage":"en-US"},{"@type":"Organization","@id":"https:\/\/www.automind.com.br\/#organization","name":"automind","url":"https:\/\/www.automind.com.br\/","logo":{"@type":"ImageObject","inLanguage":"en-US","@id":"https:\/\/www.automind.com.br\/#\/schema\/logo\/image\/","url":"https:\/\/www.automind.com.br\/wp-content\/uploads\/automind-logo-symbol-outline.png","contentUrl":"https:\/\/www.automind.com.br\/wp-content\/uploads\/automind-logo-symbol-outline.png","width":735,"height":557,"caption":"Automind"},"image":{"@id":"https:\/\/www.automind.com.br\/#\/schema\/logo\/image\/"},"sameAs":["https:\/\/www.facebook.com\/AutomindAutomacaoIndustrial\/","https:\/\/x.com\/Automind_AI","https:\/\/www.linkedin.com\/company\/automind\/","https:\/\/www.youtube.com\/user\/Automind1987"]}]}},"_links":{"self":[{"href":"https:\/\/www.automind.com.br\/en\/wp-json\/wp\/v2\/pages\/1096","targetHints":{"allow":["GET"]}}],"collection":[{"href":"https:\/\/www.automind.com.br\/en\/wp-json\/wp\/v2\/pages"}],"about":[{"href":"https:\/\/www.automind.com.br\/en\/wp-json\/wp\/v2\/types\/page"}],"author":[{"embeddable":true,"href":"https:\/\/www.automind.com.br\/en\/wp-json\/wp\/v2\/users\/1"}],"replies":[{"embeddable":true,"href":"https:\/\/www.automind.com.br\/en\/wp-json\/wp\/v2\/comments?post=1096"}],"version-history":[{"count":1,"href":"https:\/\/www.automind.com.br\/en\/wp-json\/wp\/v2\/pages\/1096\/revisions"}],"predecessor-version":[{"id":1097,"href":"https:\/\/www.automind.com.br\/en\/wp-json\/wp\/v2\/pages\/1096\/revisions\/1097"}],"wp:attachment":[{"href":"https:\/\/www.automind.com.br\/en\/wp-json\/wp\/v2\/media?parent=1096"}],"curies":[{"name":"wp","href":"https:\/\/api.w.org\/{rel}","templated":true}]}}